{"id":1472,"date":"2011-01-28T20:11:21","date_gmt":"2011-01-28T11:11:21","guid":{"rendered":"\/info\/?page_id=1472"},"modified":"2018-09-06T18:43:10","modified_gmt":"2018-09-06T09:43:10","slug":"privacy_vi","status":"publish","type":"page","link":"https:\/\/hiroba.jitco.or.jp\/info\/privacy_vi\/","title":{"rendered":"Gi\u1ea5y \u0111\u1ed3ng \u00fd v\u1ec1 vi\u1ec7c s\u1eed d\u1ee5ng th\u00f4ng tin c\u00e1 nh\u00e2n"},"content":{"rendered":"<div id=\"privacy\">\n<p style=\"text-align: right;\">C\u01a1 quan H\u1ee3p t\u00e1c Tu nghi\u1ec7p Qu\u1ed1c t\u1ebf<br \/>\n(T\u1ed5 ch\u1ee9c Ph\u00e1p nh\u00e2n C\u00f4ng \u00edch)<br \/>\nBan ph\u1ee5 tr\u00e1ch Qu\u1ea3n l\u00fd Th\u00f4ng tin c\u00e1 nh\u00e2n<br \/>\nC\u00e1n b\u1ed9 ph\u1ee5 tr\u00e1ch, ph\u00f2ng H\u00e0nh ch\u00ednh<\/p>\n<p>C\u01a1 quan H\u1ee3p t\u00e1c Tu nghi\u1ec7p Qu\u1ed1c t\u1ebf (T\u1ed5 ch\u1ee9c Ph\u00e1p nh\u00e2n C\u00f4ng \u00edch), t\u1eeb sau \u0111\u00e2y g\u1ecdi t\u1eaft l\u00e0 \u201cc\u01a1 quan ch\u00fang t\u00f4i\u201d, s\u1ebd s\u1eed d\u1ee5ng nh\u1eefng th\u00f4ng tin c\u00e1 nh\u00e2n \u0111\u01b0\u1ee3c c\u00e1c b\u00ean cung c\u1ea5p theo \u0111\u00fang ph\u01b0\u01a1ng ch\u00e2m qu\u1ea3n l\u00fd th\u00f4ng tin c\u00e1 nh\u00e2n c\u1ee7a ch\u00fang t\u00f4i nh\u01b0 sau.<\/p>\n<h3>1. M\u1ee5c \u0111\u00edch s\u1eed d\u1ee5ng.<\/h3>\n<p>Th\u00f4ng tin c\u00e1 nh\u00e2n m\u00e0 c\u00e1c b\u00ean cung c\u1ea5p ch\u1ec9 \u0111\u01b0\u1ee3c s\u1eed d\u1ee5ng v\u00e0o nh\u1eefng m\u1ee5c \u0111\u00edch sau. <\/p>\n<ul class=\"number\">\n<li>(1) \u0110\u1ec3 ph\u00e2n t\u00edch t\u00ecnh h\u00ecnh s\u1eed d\u1ee5ng gi\u00e1o tr\u00ecnh \u201cKyozai Hiroba\u201d<\/li>\n<li>(2) \u0110\u1ec3 tr\u1ea3 l\u1eddi nh\u1eefng c\u00e2u h\u1ecfi c\u1ee7a ng\u01b0\u1eddi \u0111\u0103ng k\u00fd s\u1eed d\u1ee5ng<\/li>\n<li>(3) D\u00f9ng \u0111\u1ec3 g\u1eedi t\u1edbi ng\u01b0\u1eddi s\u1eed d\u1ee5ng c\u00e2u h\u1ecfi kh\u1ea3o s\u00e1t \u0111\u1ec3 c\u1ea3i thi\u1ec7n gi\u00e1o tr\u00ecnh \u201cKyosai Hiroba\u201d<\/li>\n<li>(4) Gi\u1edbi thi\u1ec7u v\u1ec1 nh\u1eefng th\u00f4ng tin li\u00ean quan v\u1edbi vi\u1ec7c d\u1ea1y ti\u1ebfng Nh\u1eadt c\u1ee7a JITCO<\/li>\n<\/ul>\n<h3>2. Thu th\u1eadp th\u00f4ng tin theo \u0111\u00fang quy \u0111\u1ecbnh<\/h3>\n<p>C\u01a1 quan ch\u00fang t\u00f4i ch\u1ec9 thu th\u1eadp th\u00f4ng tin c\u00e1 nh\u00e2n theo ph\u01b0\u01a1ng th\u1ee9c th\u00edch h\u1ee3p<\/p>\n<h3>3. \u1ee6y th\u00e1c th\u00f4ng tin c\u00e1 nh\u00e2n<\/h3>\n<p>Nh\u1eefng th\u00f4ng tin c\u00e1 nh\u00e2n do c\u00e1c b\u00ean cung c\u1ea5p, sau khi \u0111\u01b0\u1ee3c \u0111\u1ed3ng \u00fd cho s\u1eed d\u1ee5ng v\u00e0o nh\u1eefng m\u1ee5c \u0111\u00edch trong quy \u0111\u1ecbnh, ch\u00fang t\u00f4i c\u00f3 th\u1ec3 \u1ee7y th\u00e1c cho c\u00e1c b\u00ean li\u00ean quan. Trong tr\u01b0\u1eddng h\u1ee3p \u1ee7y th\u00e1c, ch\u00fang t\u00f4i s\u1ebd ch\u1ec9 h\u1ee3p t\u00e1c v\u1edbi nh\u1eefng t\u1ed5 ch\u1ee9c c\u00f3 quy \u0111\u1ecbnh th\u00edch h\u1ee3p v\u1ec1 b\u1ea3o v\u1ec7 th\u00f4ng tin c\u00e1 nh\u00e2n, k\u00fd h\u1ee3p \u0111\u1ed3ng v\u1ec1 b\u1ea3o m\u1eadt \u0111\u1ed3ng th\u1eddi gi\u00e1m s\u00e1t vi\u1ec7c s\u1eed d\u1ee5ng th\u00f4ng tin c\u00e1 nh\u00e2n m\u1ed9t c\u00e1ch th\u00edch h\u1ee3p.<\/p>\n<h3>4. Vi\u1ec7c cung c\u1ea5p th\u00f4ng tin c\u00e1 nh\u00e2n cho m\u1ed9t b\u00ean th\u1ee9 3<\/h3>\n<p>Nh\u1eefng tr\u01b0\u1eddng h\u1ee3p kh\u00f4ng n\u1eb1m trong nh\u1eefng m\u1ee5c sau, n\u1ebfu b\u00ean cung c\u1ea5p th\u00f4ng tin kh\u00f4ng \u0111\u1ed3ng \u00fd th\u00ec ch\u00fang t\u00f4i s\u1ebd kh\u00f4ng cung c\u1ea5p th\u00f4ng tin cho b\u00ean th\u1ee9 ba.<\/p>\n<ul>\n<li>Tr\u01b0\u1eddng h\u1ee3p ph\u00f9 h\u1ee3p v\u1edbi lu\u1eadt l\u1ec7 <\/li>\n<li>Tr\u01b0\u1eddng h\u1ee3p c\u1ea7n ph\u1ea3i b\u1ea3o v\u1ec7 t\u00ednh m\u1ea1ng, c\u01a1 th\u1ec3 ho\u1eb7c t\u00e0i s\u1ea3n c\u1ee7a b\u00ean cung c\u1ea5p th\u00f4ng tin c\u00e1 nh\u00e2n nh\u01b0ng kh\u00f3 kh\u0103n trong vi\u1ec7c c\u00f3 \u0111\u01b0\u1ee3c s\u1ef1 \u0111\u1ed3ng \u00fd c\u1ee7a ng\u01b0\u1eddi \u0111\u00f3.<\/li>\n<li>Khi c\u00e1c c\u01a1 quan h\u00e0nh ch\u00ednh c\u00f3 y\u00eau c\u1ea7u do nh\u1eefng v\u1ee5 vi\u1ec7c do lu\u1eadt l\u1ec7 quy \u0111\u1ecbnh v\u00e0 c\u1ea7n ph\u1ea3i h\u1ee3p t\u00e1c.<\/li>\n<\/ul>\n<h3>5. V\u1ec1 vi\u1ec7c t\u1ef1 nguy\u1ec7n chia s\u1ebb th\u00f4ng tin c\u00e1 nh\u00e2n<\/h3>\n<p>B\u00ean cung c\u1ea5p c\u00f3 th\u1ec3 t\u1eeb ch\u1ed1i chia s\u1ebb t\u1eebng chi ti\u1ebft trong nh\u1eefng m\u1ee5c v\u1ec1 th\u00f4ng tin c\u00e1 nh\u00e2n. Tuy nhi\u00ean n\u1ebfu t\u1eeb ch\u1ed1i cung c\u1ea5p th\u00f4ng tin c\u1ea7n thi\u1ebft, th\u00ec c\u00f3 th\u1ec3 g\u1eb7p tr\u1edf ng\u1ea1i trong vi\u1ec7c s\u1eed d\u1ee5ng d\u1ecbch v\u1ee5 cung c\u1ea5p sau n\u00e0y. V\u00ec v\u1eady mong c\u00e1c b\u1ea1n th\u00f4ng c\u1ea3m.<\/p>\n<h3>6. V\u1ec1 vi\u1ec7c c\u00f4ng khai th\u00f4ng tin c\u00e1 nh\u00e2n<\/h3>\n<p>C\u01a1 quan JITCO s\u1eb5n s\u00e0ng \u0111\u00e1p \u1ee9ng vi\u1ec7c t\u01b0 v\u1ea5n ho\u1eb7c khi\u1ebfu n\u1ea1i v\u1ec1 vi\u1ec7c c\u00f4ng khai, s\u1eeda \u0111\u1ed5i, x\u00f3a b\u1ecf ho\u1eb7c ng\u1eebng s\u1eed d\u1ee5ng th\u00f4ng tin c\u00e1 nh\u00e2n. Tr\u01b0\u1eddng h\u1ee3p c\u00e1 nh\u00e2n mu\u1ed1n y\u00eau c\u1ea7u, xin li\u00ean h\u1ec7 v\u1edbi b\u1ed9 ph\u1eadn t\u01b0 v\u1ea5n theo \u0111\u1ecba ch\u1ec9 d\u01b0\u1edbi \u0111\u00e2y.<\/p>\n<p><span style=\"text-decoration: underline;\">Ph\u00f2ng t\u01b0 v\u1ea5n Th\u00f4ng tin C\u00e1 nh\u00e2n<\/span><br \/>\n   108-0023<br \/>\n   Tokyo-to, Minato-ku, Shibaura 2-11-5<br \/>\nIgarashi Building<br \/>\nKoeki Saidan Hojin Kokusai Kensyu Kyouryoku Kikou<br \/>\nSoumu-bu, Soumu-Jinji-ka<br \/>\n\u0110i\u1ec7n tho\u1ea1i: 03-4306-1100<\/p>\n<\/div>\n","protected":false},"excerpt":{"rendered":"<p>C\u01a1 quan H\u1ee3p t\u00e1c Tu nghi\u1ec7p Qu\u1ed1c t\u1ebf (T\u1ed5 ch\u1ee9c Ph\u00e1p nh\u00e2n C\u00f4ng \u00edch) Ban ph\u1ee5 tr\u00e1ch Qu\u1ea3n l\u00fd Th\u00f4ng tin c\u00e1 nh\u00e2n C\u00e1n b\u1ed9  [&hellip;]<\/p>\n","protected":false},"author":1,"featured_media":0,"parent":0,"menu_order":0,"comment_status":"open","ping_status":"open","template":"","meta":[],"_links":{"self":[{"href":"https:\/\/hiroba.jitco.or.jp\/info\/wp-json\/wp\/v2\/pages\/1472"}],"collection":[{"href":"https:\/\/hiroba.jitco.or.jp\/info\/wp-json\/wp\/v2\/pages"}],"about":[{"href":"https:\/\/hiroba.jitco.or.jp\/info\/wp-json\/wp\/v2\/types\/page"}],"author":[{"embeddable":true,"href":"https:\/\/hiroba.jitco.or.jp\/info\/wp-json\/wp\/v2\/users\/1"}],"replies":[{"embeddable":true,"href":"https:\/\/hiroba.jitco.or.jp\/info\/wp-json\/wp\/v2\/comments?post=1472"}],"version-history":[{"count":6,"href":"https:\/\/hiroba.jitco.or.jp\/info\/wp-json\/wp\/v2\/pages\/1472\/revisions"}],"predecessor-version":[{"id":4288,"href":"https:\/\/hiroba.jitco.or.jp\/info\/wp-json\/wp\/v2\/pages\/1472\/revisions\/4288"}],"wp:attachment":[{"href":"https:\/\/hiroba.jitco.or.jp\/info\/wp-json\/wp\/v2\/media?parent=1472"}],"curies":[{"name":"wp","href":"https:\/\/api.w.org\/{rel}","templated":true}]}}