{"id":1475,"date":"2011-01-28T20:18:12","date_gmt":"2011-01-28T11:18:12","guid":{"rendered":"\/info\/?page_id=1475"},"modified":"2023-03-28T18:22:19","modified_gmt":"2023-03-28T09:22:19","slug":"links_vi","status":"publish","type":"page","link":"https:\/\/hiroba.jitco.or.jp\/info\/links_vi\/","title":{"rendered":"Li\u00ean k\u1ebft"},"content":{"rendered":"<div id=\"links\">\n<dl>\n<dt>Thi ki\u1ec3m tra n\u0103ng l\u1ef1c ti\u1ebfng Nh\u1eadt<\/dt>\n<dd>\n<ul>\n<li><a href=\"https:\/\/info.jees-jlpt.jp\/\" target=\"_blank\">\uff08T\u1ed5 ch\u1ee9c trong n\u01b0\u1edbc\uff09\u3000Hi\u1ec7p h\u1ed9i H\u1ed7 tr\u1ee3 \u0111\u00e0o t\u1ea1o Qu\u1ed1c T\u1ebf Nh\u1eadt B\u1ea3n<\/a><\/li>\n<li><a href=\"https:\/\/www.jlpt.jp\/\" target=\"_blank\">\uff08T\u1ed5 ch\u1ee9c n\u01b0\u1edbc ngo\u00e0\uff09\u3000Qu\u1ef9 Giao l\u01b0u Qu\u1ed1c t\u1ebf<\/a><\/li>\n<\/ul>\n<p>\u3000\u0110\u00e2y l\u00e0 k\u1ef3 thi ki\u1ec3m tra ti\u1ebfng Nh\u1eadt \u0111\u01b0\u1ee3c t\u1ed5 ch\u1ee9c \u0111\u1ed3ng th\u1eddi tr\u00ean to\u00e0n th\u1ebf gi\u1edbi. T\u1eeb n\u0103m 2010 tr\u1edf \u0111i, k\u1ef3 thi n\u00e0y \u0111\u00e3  \u0111\u01b0\u1ee3c  \u0111\u1ed5i m\u1edbi.<br \/>\n\u3000Khi t\u1ed5 ch\u1ee9c thi t\u1ea1i Nh\u1eadt B\u1ea3n v\u00e0 khi t\u1ed5 ch\u1ee9c  thi \u1edf  n\u01b0\u1edbc ngo\u00e0i th\u00ec  \u0111\u01a1n v\u1ecb t\u1ed5 ch\u1ee9c kh\u00e1c nhau nh\u01b0ng ng\u00e0y thi v\u00e0 n\u1ed9i dung b\u00e0i thi th\u00ec gi\u1ed1ng nhau.<\/p>\n<\/dd>\n<dt><a href=\"https:\/\/www.ajalt.org\/resource\/\" target=\"_blank\">Ti\u1ebfng Nh\u1eadt \u0111\u1eddi s\u1ed1ng d\u1ea1ng ngu\u1ed3n<\/a>\u3000Hi\u1ec7p h\u1ed9i Qu\u1ed1c t\u1ebf Ph\u1ed5 c\u1eadp Ti\u1ebfng Nh\u1eadt (AJALT)<\/dt>\n<dd>B\u1eb1ng c\u00e1ch \u0111\u0103ng k\u00fd th\u00e0nh vi\u00ean (mi\u1ec5n ph\u00ed) b\u1ea1n c\u00f3 th\u1ec3 xem \u0111\u01b0\u1ee3c c\u00e1c th\u1ec3 hi\u1ec7n ti\u1ebfng Nh\u1eadt trong nhi\u1ec1u kh\u00eda c\u1ea1nh \u0111\u1eddi s\u1ed1ng th\u01b0\u1eddng nh\u1eadt.\n<\/dd>\n<dt><a href=\"http:\/\/www.nihongo-ews.bunka.go.jp\/\" target=\"_blank\">H\u1ec7 th\u1ed1ng chia s\u1ebb n\u1ed9i dung d\u1ea1y ti\u1ebfng Nh\u1eadt \u201cNEWS\u201d<\/a> \u2013 C\u1ee5c V\u0103n H\u00f3a<\/dt>\n<p><\/p>\n<dd> Trang web c\u00f3 th\u1ec3 t\u00ecm ki\u1ebfm nhi\u1ec1u th\u00f4ng tin li\u00ean quan t\u1edbi gi\u00e1o tr\u00ecnh, gi\u00e1o \u00e1n d\u1ea1y ti\u1ebfng Nh\u1eadt. Th\u00f4ng tin v\u1ec1 \u201cGi\u00e1o tr\u00ecnh ti\u1ebfng Nh\u1eadt \u3072\u308d\u3070\u201d c\u1ee7a JITCO c\u0169ng \u0111\u01b0\u1ee3c \u0111\u0103ng t\u1ea3i t\u1ea1i \u0111\u00e2y.<\/dd>\n<\/dl>\n<\/dd>\n<\/div>\n","protected":false},"excerpt":{"rendered":"<p>Thi ki\u1ec3m tra n\u0103ng l\u1ef1c ti\u1ebfng Nh\u1eadt \uff08T\u1ed5 ch\u1ee9c trong n\u01b0\u1edbc\uff09\u3000Hi\u1ec7p h\u1ed9i H\u1ed7 tr\u1ee3 \u0111\u00e0o t\u1ea1o Qu\u1ed1c T\u1ebf Nh\u1eadt B\u1ea3n \uff08T\u1ed5 ch\u1ee9c n\u01b0\u1edbc n [&hellip;]<\/p>\n","protected":false},"author":1,"featured_media":0,"parent":0,"menu_order":0,"comment_status":"open","ping_status":"open","template":"","meta":[],"_links":{"self":[{"href":"https:\/\/hiroba.jitco.or.jp\/info\/wp-json\/wp\/v2\/pages\/1475"}],"collection":[{"href":"https:\/\/hiroba.jitco.or.jp\/info\/wp-json\/wp\/v2\/pages"}],"about":[{"href":"https:\/\/hiroba.jitco.or.jp\/info\/wp-json\/wp\/v2\/types\/page"}],"author":[{"embeddable":true,"href":"https:\/\/hiroba.jitco.or.jp\/info\/wp-json\/wp\/v2\/users\/1"}],"replies":[{"embeddable":true,"href":"https:\/\/hiroba.jitco.or.jp\/info\/wp-json\/wp\/v2\/comments?post=1475"}],"version-history":[{"count":7,"href":"https:\/\/hiroba.jitco.or.jp\/info\/wp-json\/wp\/v2\/pages\/1475\/revisions"}],"predecessor-version":[{"id":4990,"href":"https:\/\/hiroba.jitco.or.jp\/info\/wp-json\/wp\/v2\/pages\/1475\/revisions\/4990"}],"wp:attachment":[{"href":"https:\/\/hiroba.jitco.or.jp\/info\/wp-json\/wp\/v2\/media?parent=1475"}],"curies":[{"name":"wp","href":"https:\/\/api.w.org\/{rel}","templated":true}]}}