{"id":1477,"date":"2011-01-28T20:27:42","date_gmt":"2011-01-28T11:27:42","guid":{"rendered":"\/info\/?page_id=1477"},"modified":"2018-09-06T18:43:24","modified_gmt":"2018-09-06T09:43:24","slug":"terms_vi","status":"publish","type":"page","link":"https:\/\/hiroba.jitco.or.jp\/info\/terms_vi\/","title":{"rendered":"\u0110i\u1ec1u kho\u1ea3n th\u00e0nh vi\u00ean"},"content":{"rendered":"<div id=\"terms\">\n<h3>Ch\u1ee7 tr\u01b0\u01a1ng trang web<\/h3>\n<p>\u3000\u201cTh\u01b0 vi\u1ec7n gi\u00e1o tr\u00ecnh ti\u1ebfng Nh\u1eadt\u3072\u308d\u3070 c\u1ee7a JITCO\u201d (t\u1eeb nay tr\u1edf \u0111i g\u1ecdi t\u1eaft l\u00e0 \u201cTh\u01b0 vi\u1ec7n gi\u00e1o tr\u00ecnh \u3072\u308d\u3070\u201d) l\u00e0 trang web d\u00e0nh cho nh\u1eefng ng\u01b0\u1eddi gi\u1ea3ng d\u1ea1y ti\u1ebfng Nh\u1eadt c\u1ee7a c\u00e1c c\u01a1 quan li\u00ean quan trong v\u00e0 ngo\u00e0i Nh\u1eadt B\u1ea3n c\u00f3 \u0111\u00e0o t\u1ea1o ti\u1ebfng Nh\u1eadt cho th\u1ef1c t\u1eadp sinh k\u1ef9 n\u0103ng (c\u01a1 quan ph\u00e1i c\u1eed th\u1ef1c t\u1eadp sinh k\u1ef9 n\u0103ng, \u0111o\u00e0n th\u1ec3  qu\u1ea3n l\u00fd, c\u01a1 quan ti\u1ebfn h\u00e0nh  th\u1ef1c t\u1eadp, c\u01a1 quan \u0111\u00e0o t\u1ea1o ti\u1ebfng Nh\u1eadt&#8230;), do C\u01a1 quan H\u1ee3p t\u00e1c Tu nghi\u1ec7p Qu\u1ed1c t\u1ebf Nh\u1eadt B\u1ea3n (t\u1eeb nay tr\u1edf \u0111i g\u1ecdi t\u1eaft l\u00e0 \u201cJITCO\u201d) l\u1eadp ra v\u00e0 \u0111i\u1ec1u h\u00e0nh v\u1edbi m\u1ee5c \u0111\u00edch l\u00e0 cung c\u1ea5p mi\u1ec5n ph\u00ed gi\u00e1o tr\u00ecnh, t\u01b0 li\u1ec7u, th\u00f4ng tin h\u1eefu \u00edch&#8230; cho vi\u1ec7c gi\u1ea3ng d\u1ea1y ti\u1ebfng Nh\u1eadt cho th\u1ef1c t\u1eadp sinh k\u1ef9 n\u0103ng v\u00e0 gi\u00fap s\u1eed d\u1ee5ng h\u1eefu hi\u1ec7u nh\u1eefng gi\u00e1o tr\u00ecnh n\u00e0y.<\/p>\n<h3>Quy \u0111\u1ecbnh th\u00e0nh vi\u00ean<\/h3>\n<p>\u3000\u0110\u1ec3 s\u1eed d\u1ee5ng nh\u1eefng gi\u00e1o tr\u00ecnh do \u201cTh\u01b0 vi\u1ec7n gi\u00e1o tr\u00ecnh \u3072\u308d\u3070\u201d cung c\u1ea5p, b\u1ea1n c\u1ea7n ph\u1ea3i \u0111\u0103ng k\u00fd th\u00e0nh vi\u00ean sau khi \u0111\u1ed3ng \u00fd v\u1edbi quy \u0111\u1ecbnh th\u00e0nh vi\u00ean. Th\u1eddi \u0111i\u1ec3m b\u1ea1n \u0111\u0103ng k\u00fd th\u00e0nh vi\u00ean, \u0111\u01b0\u1ee3c xem l\u00e0 th\u1eddi \u0111i\u1ec3m b\u1ea1n \u0111\u00e3 \u0111\u1ed3ng \u00fd v\u1edbi quy \u0111\u1ecbnh n\u00e0y.<\/p>\n<p>\u3000Ngo\u00e0i ra, JITCO c\u00f3 th\u1ec3 thay \u0111\u1ed5i v\u1ec1 quy \u0111\u1ecbnh n\u00e0y v\u00e0 khi \u0111\u00f3, ch\u00fang t\u00f4i s\u1ebd th\u00f4ng b\u00e1o tr\u00ean trang web n\u00e0y. Sau khi th\u00f4ng b\u00e1o thay \u0111\u1ed5i, th\u1eddi \u0111i\u1ec3m ng\u01b0\u1eddi \u0111\u00e3 \u0111\u0103ng k\u00fd truy c\u1eadp v\u00e0o trang web n\u00e0y l\u1ea7n \u0111\u1ea7u v\u00e0 s\u1eed d\u1ee5ng trang web s\u1ebd \u0111\u01b0\u1ee3c xem l\u00e0 th\u1eddi \u0111i\u1ec3m \u0111\u00e3 \u0111\u1ed3ng \u00fd v\u1edbi quy \u0111\u1ecbnh \u0111\u00e3 thay \u0111\u1ed5i.<\/p>\n<ol>\n<li>\u0110\u1ecbnh ngh\u0129a<br \/>\nNg\u01b0\u1eddi \u0111\u0103ng k\u00fd trong quy \u0111\u1ecbnh n\u00e0y l\u00e0 t\u1ea5t c\u1ea3 nh\u1eefng ng\u01b0\u1eddi \u0111\u00e3 \u0111\u0103ng k\u00fd th\u00e0nh vi\u00ean v\u00e0o \u201cTh\u01b0 vi\u1ec7n gi\u00e1o tr\u00ecnh \u3072\u308d\u3070\u201d.<\/li>\n<li>\u0110\u0103ng k\u00fd th\u00e0nh vi\u00ean<br \/>\n\u0110\u01b0\u1ee3c mi\u1ec5n ph\u00ed khi \u0111\u0103ng k\u00fd th\u00e0nh vi\u00ean. \u0110\u1ec3 \u0111\u0103ng k\u00fd, b\u1ea1n c\u1ea7n cung c\u1ea5p c\u00e1c th\u00f4ng tin c\u00e1 nh\u00e2n nh\u01b0 \u0111\u1ecba ch\u1ec9 e-mai, ti\u1ebfng m\u1eb9 \u0111\u1ebb, c\u01a1 quan tr\u1ef1c thu\u1ed9c. Tr\u01b0\u1eddng h\u1ee3p ph\u00e1t sinh thay \u0111\u1ed5i n\u1ed9i dung \u0111\u0103ng k\u00fd, th\u00ec ng\u01b0\u1eddi \u0111\u0103ng k\u00fd t\u1ef1 thay \u0111\u1ed5i tr\u1ef1c tuy\u1ebfn tr\u00ean m\u1ea1ng.<\/li>\n<li>Th\u00f4ng tin c\u00e1 nh\u00e2n<br \/>\nTh\u00f4ng tin c\u00e1 nh\u00e2n b\u1ea1n cung c\u1ea5p khi \u0111\u0103ng k\u00fd th\u00e0nh vi\u00ean \u0111\u01b0\u1ee3c x\u1eed l\u00fd theo \u201c<a href=\"\/info\/privacy_vi\/\">Gi\u1ea5y \u0111\u1ed3ng \u00fd v\u1ec1 vi\u1ec7c s\u1eed d\u1ee5ng th\u00f4ng tin c\u00e1 nh\u00e2n<\/a>\u201d.<\/li>\n<li>Qu\u1ea3n l\u00fd t\u00e0i kho\u1ea3n v\u00e0 m\u1eadt kh\u1ea9u<br \/>\nNg\u01b0\u1eddi \u0111\u0103ng k\u00fd c\u00f3 tr\u00e1ch nhi\u1ec7m qu\u1ea3n l\u00fd t\u00ean t\u00e0i kho\u1ea3n v\u00e0 m\u1eadt kh\u1ea9u c\u1ee7a m\u00ecnh.<\/li>\n<li>H\u1ee7y \u0111\u0103ng k\u00fd<br \/>\nTr\u01b0\u1eddng h\u1ee3p mu\u1ed1n h\u1ee7y \u0111\u0103ng k\u00fd, th\u00ec ng\u01b0\u1eddi \u0111\u0103ng k\u00fd t\u1ef1 \u0111\u1ec1 xu\u1ea5t v\u1edbi JITCO  th\u00f4ng qua trang li\u00ean h\u1ec7 c\u1ee7a \u201cTh\u01b0 vi\u1ec7n gi\u00e1o tr\u00ecnh \u3072\u308d\u3070\u201d.<\/li>\n<li>Nh\u1eefng h\u1ea1ng m\u1ee5c nghi\u00eam c\u1ea5m<br \/>\nNg\u01b0\u1eddi \u0111\u0103ng k\u00fd kh\u00f4ng \u0111\u01b0\u1ee3c c\u00f3 nh\u1eefng h\u00e0nh vi sau \u0111\u00e2y khi s\u1eed d\u1ee5ng \u201cTh\u01b0 vi\u1ec7n gi\u00e1o tr\u00ecnh \u3072\u308d\u3070\u201d.<\/p>\n<ul class=\"list-number\">\n<li>H\u00e0nh vi x\u00e2m h\u1ea1i b\u1ea3n quy\u1ec1n t\u00e1c gi\u1ea3 c\u1ee7a JITCO<\/li>\n<li>H\u00e0nh vi ph\u00e1t t\u00e1n ch\u01b0\u01a1ng tr\u00ecnh vi t\u00ednh c\u00f3 h\u1ea1i&#8230;<\/li>\n<li>H\u00e0nh vi ph\u1ea1m ph\u00e1p ho\u1eb7c h\u00e0nh vi vi ph\u1ea1m an ninh tr\u1eadt t\u1ef1, thu\u1ea7n phong m\u1ef9 t\u1ee5c<\/li>\n<li>H\u00e0nh vi l\u0103ng nh\u1ee5c, g\u00e2y t\u1ed5n th\u01b0\u01a1ng ng\u01b0\u1eddi th\u1ee9 ba ho\u1eb7c JITCO<\/li>\n<li>Ho\u1ea1t \u0111\u1ed9ng ch\u00ednh tr\u1ecb, v\u1eadn \u0111\u1ed9ng b\u1ea7u c\u1eed ho\u1eb7c nh\u1eefng h\u00e0nh vi t\u01b0\u01a1ng t\u1ef1 <\/li>\n<li>H\u00e0nh vi nh\u1eb1m m\u1ee5c \u0111\u00edch tr\u1ef1c ti\u1ebfp  tuy\u00ean truy\u1ec1n t\u00edn ng\u01b0\u1ee1ng  ho\u1eb7c t\u01b0 t\u01b0\u1edfng v\u1ec1 m\u1ed9t ch\u1ebf \u0111\u1ed9 x\u00e3 h\u1ed9i n\u00e0o \u0111\u00f3&#8230;<\/li>\n<li>H\u00e0nh vi g\u00e2y c\u1ea3n tr\u1edf \u0111\u1ebfn vi\u1ec7c s\u1eed d\u1ee5ng v\u00e0 ho\u1ea1t \u0111\u1ed9ng c\u1ee7a trang web n\u00e0y ho\u1eb7c h\u00e0nh vi c\u00f3 kh\u1ea3 n\u0103ng g\u00e2y ra nh\u1eefng c\u1ea3n tr\u1edf n\u00e0y<\/li>\n<\/ul>\n<\/li>\n<li>B\u1ed3i th\u01b0\u1eddng thi\u1ec7t h\u1ea1i, x\u00f3a b\u1ecf \u0111\u0103ng k\u00fd<br \/>\nTr\u01b0\u1eddng h\u1ee3p ng\u01b0\u1eddi \u0111\u0103ng k\u00fd c\u00f3 h\u00e0nh vi vi ph\u1ea1m nh\u1eefng quy \u0111\u1ecbnh ghi tr\u00ean, g\u00e2y ra t\u1ed5n h\u1ea1i cho JITCO, th\u00ec JITCO c\u00f3 th\u1ec3 y\u00eau c\u1ea7u ng\u01b0\u1eddi \u0111\u0103ng k\u00fd vi ph\u1ea1m b\u1ed3i th\u01b0\u1eddng thi\u1ec7t h\u1ea1i, ngo\u00e0i ra c\u00f3 th\u1ec3 xo\u00e1 \u0111\u0103ng k\u00fd c\u1ee7a ng\u01b0\u1eddi \u0111\u00f3.<\/li>\n<\/ol>\n<h3>M\u00f4i tr\u01b0\u1eddng s\u1eed d\u1ee5ng<\/h3>\n<p>\u3000Thu\u00ea bao internet \u0111\u1ec3 s\u1eed d\u1ee5ng trang web, c\u00e1c thi\u1ebft b\u1ecb m\u00e1y vi t\u00ednh&#8230; s\u1ebd do ng\u01b0\u1eddi s\u1eed d\u1ee5ng chu\u1ea9n b\u1ecb.<br \/>\nCh\u00fang t\u00f4i khuy\u1ebfn kh\u00edch c\u00e1c b\u1ea1n n\u00ean d\u00f9ng tr\u00ecnh duy\u1ec7t  Windows Microsoft Internet Explorer 7.0 tr\u1edf l\u00ean.<\/p>\n<p>Ngo\u00e0i ra, m\u1ed9t ph\u1ea7n c\u1ee7a trang web n\u00e0y \u0111ang s\u1eed d\u1ee5ng d\u1ea1ng t\u1eadp tin PDF, n\u00ean c\u1ea7n c\u00f3 ph\u1ea7n m\u1ec1m Adobe Reader \u0111\u1ec3 \u0111\u1ecdc t\u1ec7p tin n\u00e0y.<\/p>\n<p>\u203bV\u1ec1 Cookie<br \/>\nCookie l\u00e0 ch\u1ee9c n\u0103ng cho ph\u00e9p trang web ghi t\u1ea1m v\u00e0 l\u01b0u d\u1eef li\u1ec7u v\u00e0o m\u00e1y vi t\u00ednh c\u1ee7a ng\u01b0\u1eddi s\u1eed d\u1ee5ng th\u00f4ng qua tr\u00ecnh duy\u1ec7t, v\u00e0 trang web c\u00f3 th\u1ec3 \u0111\u1ecdc l\u1ea1i th\u00f4ng tin v\u1ec1 ng\u01b0\u1eddi s\u1eed d\u1ee5ng t\u1eeb m\u00e1y vi t\u00ednh c\u1ee7a h\u1ecd khi ng\u01b0\u1eddi s\u1eed d\u1ee5ng th\u0103m l\u1ea1i trang web . Tr\u00ean trang web n\u00e0y, ch\u00fang t\u00f4i s\u1eed d\u1ee5ng Cookie \u0111\u1ec3 ch\u1ee9ng nh\u1eadn ng\u01b0\u1eddi \u0111\u0103ng k\u00fd th\u00e0nh vi\u00ean. \u0110\u1ec3 \u0111\u0103ng nh\u1eadp , b\u1ea1n c\u1ea7n ph\u1ea3i c\u00e0i \u0111\u1eb7t ch\u1ea5p nh\u1eadn Cookie. (Ph\u01b0\u01a1ng ph\u00e1p c\u00e0i \u0111\u1eb7t Cookie xin vui l\u00f2ng xem t\u1ea1i  l\u1ec7nh \u0111\u01a1n \u201cTr\u1ee3 gi\u00fap\u201d tr\u00ean tr\u00ecnh duy\u1ec7t b\u1ea1n \u0111ang s\u1eed d\u1ee5ng)<\/p>\n<h3>Nh\u1eefng h\u1ea1ng m\u1ee5c mi\u1ec5n tr\u00e1ch nhi\u1ec7m<\/h3>\n<ul>\n<li>JITCO kh\u00f4ng ph\u1ea3i l\u00e0 \u0111\u01a1n v\u1ecb \u0111\u1ea3m b\u1ea3o cho m\u1ecdi th\u00f4ng tin, gi\u00e1o tr\u00ecnh&#8230; cung c\u1ea5p tr\u00ean \u201cTh\u01b0 vi\u1ec7n gi\u00e1o tr\u00ecnh \u3072\u308d\u3070\u201d.<\/li>\n<li>JITCO ho\u00e0n to\u00e0n kh\u00f4ng ch\u1ecbu tr\u00e1ch nhi\u1ec7m khi ng\u01b0\u1eddi s\u1eed d\u1ee5ng b\u1ecb t\u1ed5n h\u1ea1i g\u00ec do vi\u1ec7c s\u1eed d\u1ee5ng \u201cTh\u01b0 vi\u1ec7n gi\u00e1o tr\u00ecnh \u3072\u308d\u3070\u201d.<\/li>\n<li>JITCO ho\u00e0n to\u00e0n kh\u00f4ng ch\u1ecbu tr\u00e1ch nhi\u1ec7m khi c\u00f3 r\u1eafc r\u1ed1i g\u00ec x\u1ea3y ra gi\u1eefa ng\u01b0\u1eddi s\u1eed d\u1ee5ng \u201cTh\u01b0 vi\u1ec7n gi\u00e1o tr\u00ecnh \u3072\u308d\u3070\u201d v\u1edbi nhau ho\u1eb7c gi\u1eefa ng\u01b0\u1eddi s\u1eed d\u1ee5ng v\u1edbi ng\u01b0\u1eddi th\u1ee9 ba. Khi c\u00f3 r\u1eafc r\u1ed1i x\u1ea3y ra,  nh\u1eefng ng\u01b0\u1eddi li\u00ean quan h\u00e3y t\u1ef1 gi\u1ea3i quy\u1ebft v\u1edbi nhau.<\/li>\n<li>N\u1ed9i dung c\u1ee7a \u201cTh\u01b0 vi\u1ec7n gi\u00e1o tr\u00ecnh \u3072\u308d\u3070\u201d c\u00f3 th\u1ec3 \u0111\u01b0\u1ee3c thay \u0111\u1ed5i ho\u1eb7c x\u00f3a \u0111i m\u00e0 kh\u00f4ng b\u00e1o tr\u01b0\u1edbc.<br \/>\nNgo\u00e0i ra, c\u0169ng c\u00f3 khi d\u1ecbch v\u1ee5 c\u1ee7a ch\u00fang t\u00f4i t\u1ea1m ng\u01b0ng do l\u1ed7i h\u1ec7 th\u1ed1ng&#8230; JITCO s\u1ebd ho\u00e0n to\u00e0n kh\u00f4ng ch\u1ecbu tr\u00e1ch nhi\u1ec7m g\u00ec v\u1ec1 t\u1ed5n h\u1ea1i ph\u00e1t sinh do vi\u1ec7c t\u1ea1m ng\u01b0ng n\u00e0y.<\/li>\n<\/ul>\n<h3>Quy t\u1eafc ph\u1ee5<\/h3>\n<p>Quy \u0111\u1ecbnh n\u00e0y c\u00f3 hi\u1ec7u l\u1ef1c th\u1ef1c thi t\u1eeb ng\u00e0y 1\/9\/2010.<\/p>\n<\/div>\n","protected":false},"excerpt":{"rendered":"<p>Ch\u1ee7 tr\u01b0\u01a1ng trang web \u3000\u201cTh\u01b0 vi\u1ec7n gi\u00e1o tr\u00ecnh ti\u1ebfng Nh\u1eadt\u3072\u308d\u3070 c\u1ee7a JITCO\u201d (t\u1eeb nay tr\u1edf \u0111i g\u1ecdi t\u1eaft l\u00e0 \u201cTh\u01b0 vi\u1ec7n gi\u00e1o tr\u00ecnh \u3072\u308d\u3070\u201d) l\u00e0 trang web d\u00e0nh cho nh\u1eefng ng\u01b0\u1eddi gi\u1ea3ng d\u1ea1y ti\u1ebfng Nh\u1eadt c\u1ee7a c\u00e1c c\u01a1 quan li\u00ean quan trong v\u00e0 ngo\u00e0i Nh\u1eadt B\u1ea3n c\u00f3 \u0111\u00e0o t\u1ea1o ti\u1ebfng Nh\u1eadt cho th\u1ef1c t\u1eadp sinh k\u1ef9 n\u0103ng (c\u01a1 quan ph\u00e1i c\u1eed th\u1ef1c t\u1eadp sinh k\u1ef9 n\u0103ng, \u0111o\u00e0n th\u1ec3 qu\u1ea3n l\u00fd, c\u01a1 quan ti\u1ebfn h\u00e0nh th\u1ef1c t\u1eadp, c\u01a1 quan \u0111\u00e0o t\u1ea1o ti\u1ebfng Nh\u1eadt&#8230;), do C\u01a1 quan H\u1ee3p t\u00e1c Tu nghi\u1ec7p Qu\u1ed1c t\u1ebf Nh\u1eadt B\u1ea3n (t\u1eeb nay tr\u1edf \u0111i g\u1ecdi t\u1eaft l\u00e0 \u201cJITCO\u201d) l\u1eadp ra v\u00e0 \u0111i\u1ec1u h\u00e0nh v\u1edbi m\u1ee5c \u0111\u00edch l\u00e0 [&hellip;]<\/p>\n","protected":false},"author":1,"featured_media":0,"parent":0,"menu_order":0,"comment_status":"open","ping_status":"open","template":"","meta":[],"_links":{"self":[{"href":"https:\/\/hiroba.jitco.or.jp\/info\/wp-json\/wp\/v2\/pages\/1477"}],"collection":[{"href":"https:\/\/hiroba.jitco.or.jp\/info\/wp-json\/wp\/v2\/pages"}],"about":[{"href":"https:\/\/hiroba.jitco.or.jp\/info\/wp-json\/wp\/v2\/types\/page"}],"author":[{"embeddable":true,"href":"https:\/\/hiroba.jitco.or.jp\/info\/wp-json\/wp\/v2\/users\/1"}],"replies":[{"embeddable":true,"href":"https:\/\/hiroba.jitco.or.jp\/info\/wp-json\/wp\/v2\/comments?post=1477"}],"version-history":[{"count":6,"href":"https:\/\/hiroba.jitco.or.jp\/info\/wp-json\/wp\/v2\/pages\/1477\/revisions"}],"predecessor-version":[{"id":4290,"href":"https:\/\/hiroba.jitco.or.jp\/info\/wp-json\/wp\/v2\/pages\/1477\/revisions\/4290"}],"wp:attachment":[{"href":"https:\/\/hiroba.jitco.or.jp\/info\/wp-json\/wp\/v2\/media?parent=1477"}],"curies":[{"name":"wp","href":"https:\/\/api.w.org\/{rel}","templated":true}]}}