{"id":1479,"date":"2011-01-28T20:38:19","date_gmt":"2011-01-28T11:38:19","guid":{"rendered":"\/info\/b%e1%ba%a3n-quy%e1%bb%81n\/"},"modified":"2021-03-05T10:48:12","modified_gmt":"2021-03-05T01:48:12","slug":"copyright_vi","status":"publish","type":"page","link":"https:\/\/hiroba.jitco.or.jp\/info\/copyright_vi\/","title":{"rendered":"B\u1ea3n quy\u1ec1n"},"content":{"rendered":"<p>1. T\u1ea5t c\u1ea3 m\u1ecdi t\u00e0i li\u1ec7u gi\u1ea3ng d\u1ea1y, n\u1ed9i dung, th\u00f4ng tin v.v\u2026 (t\u1eeb nay v\u1ec1 sau \u0111\u01b0\u1ee3c g\u1ecdi t\u1eaft l\u00e0 \u201cN\u1ed9i dung\u201d) trong \u201cGi\u00e1o tr\u00ecnh ti\u1ebfng Nh\u1eadt \u3072\u308d\u3070 c\u1ee7a JITCO\u201d, thu\u1ed9c b\u1ea3n quy\u1ec1n c\u1ee7a JITCO.<\/p>\n<p>2.Vi\u1ec7c s\u1eed d\u1ee5ng n\u1ed9i dung n\u00e0y \u0111\u1ec3 t\u1ef1 h\u1ecdc ho\u1eb7c \u0111\u1ec3 gi\u1ea3ng d\u1ea1y ti\u1ebfng Nh\u1eadt phi l\u1ee3i nhu\u1eadn, ph\u00f9 h\u1ee3p v\u1edbi m\u1ee5c \u0111\u00edch c\u1ee7a trang web n\u00e0y, th\u00ec kh\u00f4ng c\u1ea7n ph\u1ea3i xin ph\u00e9p.<\/p>\n<p>3.Khi tr\u00edch d\u1eabn trong ph\u1ea1m vi JITCO cho ph\u00e9p th\u00ec c\u1ea7n ph\u1ea3i ghi ch\u00fa nh\u01b0 d\u01b0\u1edbi \u0111\u00e2y. V\u00ed d\u1ee5: Ngu\u1ed3n \u00a9 \u201cGi\u00e1o tr\u00ecnh ti\u1ebfng Nh\u1eadt \u3072\u308d\u3070 c\u1ee7a JITCO\u201d\u00a0Ghi r\u00f5 th\u00f4ng tin: Trong b\u00e0i n\u00e0y c\u00f3 s\u1eed d\u1ee5ng m\u1ed9t s\u1ed1 th\u00f4ng tin t\u1eeb \u201cGi\u00e1o tr\u00ecnh ti\u1ebfng Nh\u1eadt \u3072\u308d\u3070 c\u1ee7a JITCO\u201d<\/p>\n<p>4.Ngo\u00e0i 2 m\u1ee5c \u0111\u00edch tr\u00ean, nghi\u00eam c\u1ea5m vi\u1ec7c s\u1eed d\u1ee5ng, \u0111\u0103ng l\u1ea1i ho\u1eb7c c\u1ea3i bi\u00ean n\u1ed9i dung c\u1ee7a gi\u00e1o tr\u00ecnh \u0111\u1ec3 s\u1eed d\u1ee5ng cho m\u1ee5c \u0111\u00edch kinh doanh ho\u1eb7c m\u1ee5c \u0111\u00edch kh\u00e1c m\u00e0 kh\u00f4ng xin ph\u00e9p. <a href=\"https:\/\/hiroba.jitco.or.jp\/info\/contact_vi\/\">Mu\u1ed1n bi\u1ebft th\u00eam chi ti\u1ebft, xin li\u00ean h\u1ec7 v\u1edbi JITCO.<\/a> Tuy nhi\u00ean kh\u00f4ng ph\u1ea3i b\u1ea5t c\u1ee9 tr\u01b0\u1eddng h\u1ee3p n\u00e0o li\u00ean h\u1ec7 \u0111\u1ebfn c\u0169ng \u0111\u01b0\u1ee3c c\u1ea5p ph\u00e9p cho s\u1eed d\u1ee5ng. Xin qu\u00fd v\u1ecb l\u01b0u \u00fd.<\/p>\n<p>5.<a href=\"https:\/\/hiroba.jitco.or.jp\/info\/terms_vi\/\">Khi s\u1eed d\u1ee5ng n\u1ed9i dung t\u00e0i li\u1ec7u gi\u1ea3ng d\u1ea1y n\u00e0y, n\u1ebfu kh\u00f4ng tu\u00e2n th\u1ee7 nh\u1eefng \u0111i\u1ec3m ghi tr\u00ean s\u1ebd b\u1ecb x\u1eed l\u00fd theo quy \u0111\u1ecbnh \u0111\u1ed1i v\u1edbi th\u00e0nh vi\u00ean ho\u1eb7c ch\u00ednh s\u00e1ch trang ch\u1ee7 c\u1ee7a JITCO.<\/a><\/p>\n<p><a href=\"https:\/\/www.jitco.or.jp\/ja\/privacy.html\" target=\"_blank\" rel=\"noopener\">https:\/\/www.jitco.or.jp\/ja\/privacy.html<\/a><\/p>\n","protected":false},"excerpt":{"rendered":"<p>1. T\u1ea5t c\u1ea3 m\u1ecdi t\u00e0i li\u1ec7u gi\u1ea3ng d\u1ea1y, n\u1ed9i dung, th\u00f4ng tin v.v\u2026 (t\u1eeb nay v\u1ec1 sau \u0111\u01b0\u1ee3c g\u1ecdi t\u1eaft l\u00e0 \u201cN\u1ed9i dung\u201d) trong \u201cG [&hellip;]<\/p>\n","protected":false},"author":1,"featured_media":0,"parent":0,"menu_order":0,"comment_status":"open","ping_status":"open","template":"","meta":[],"_links":{"self":[{"href":"https:\/\/hiroba.jitco.or.jp\/info\/wp-json\/wp\/v2\/pages\/1479"}],"collection":[{"href":"https:\/\/hiroba.jitco.or.jp\/info\/wp-json\/wp\/v2\/pages"}],"about":[{"href":"https:\/\/hiroba.jitco.or.jp\/info\/wp-json\/wp\/v2\/types\/page"}],"author":[{"embeddable":true,"href":"https:\/\/hiroba.jitco.or.jp\/info\/wp-json\/wp\/v2\/users\/1"}],"replies":[{"embeddable":true,"href":"https:\/\/hiroba.jitco.or.jp\/info\/wp-json\/wp\/v2\/comments?post=1479"}],"version-history":[{"count":5,"href":"https:\/\/hiroba.jitco.or.jp\/info\/wp-json\/wp\/v2\/pages\/1479\/revisions"}],"predecessor-version":[{"id":4503,"href":"https:\/\/hiroba.jitco.or.jp\/info\/wp-json\/wp\/v2\/pages\/1479\/revisions\/4503"}],"wp:attachment":[{"href":"https:\/\/hiroba.jitco.or.jp\/info\/wp-json\/wp\/v2\/media?parent=1479"}],"curies":[{"name":"wp","href":"https:\/\/api.w.org\/{rel}","templated":true}]}}