{"id":1481,"date":"2011-01-28T21:38:19","date_gmt":"2011-01-28T12:38:19","guid":{"rendered":"\/info\/?page_id=1481"},"modified":"2021-01-20T14:27:23","modified_gmt":"2021-01-20T05:27:23","slug":"support_vi","status":"publish","type":"page","link":"https:\/\/hiroba.jitco.or.jp\/info\/support_vi\/","title":{"rendered":"H\u1ed7 tr\u1ee3 \u0111\u00e0o t\u1ea1o ti\u1ebfng Nh\u1eadt c\u1ee7a JITCO"},"content":{"rendered":"<div id=\"support\">\n<p>C\u01a1 quan H\u1ee3p t\u00e1c Tu nghi\u1ec7p Qu\u1ed1c t\u1ebf Nh\u1eadt B\u1ea3n t\u1ed5 ch\u1ee9c r\u1ea5t nhi\u1ec1u ho\u1ea1t \u0111\u1ed9ng, d\u1ecbch v\u1ee5 \u0111\u1ec3 h\u1ed7 tr\u1ee3 vi\u1ec7c h\u1ecdc ti\u1ebfng Nh\u1eadt c\u1ee7a th\u1ef1c t\u1eadp sinh k\u1ef9 n\u0103ng. Xin vui l\u00f2ng xem chi ti\u1ebft theo c\u00e1c \u0111\u01b0\u1eddng li\u00ean k\u1ebft sau \u0111\u00e2y.<\/p>\n<h3><a href=\"https:\/\/www.jitco.or.jp\/ja\/seminar\/\" target=\"_blank\" rel=\"noopener\">H\u1ed9i th\u1ea3o gi\u1ea3ng d\u1ea1y ti\u1ebfng Nh\u1eadt<\/a><\/h3>\n<p>Gi\u00fap x\u00e1c \u0111\u1ecbnh m\u1ee5c ti\u00eau h\u1ecdc t\u1eadp v\u00e0 ph\u01b0\u01a1ng ph\u00e1p gi\u1ea3ng d\u1ea1y ti\u1ebfng Nh\u1eadt ph\u00f9 h\u1ee3p v\u1edbi m\u1ed7i kh\u00f3a h\u1ecdc. Trang web n\u00e0y s\u1ebd gi\u1edbi thi\u1ec7u c\u00e1ch s\u1eed d\u1ee5ng s\u00e1ch gi\u00e1o khoa ti\u1ebfng Nh\u1eadt \u201cTi\u1ebfng Nh\u1eadt d\u00e0nh cho th\u1ef1c t\u1eadp sinh k\u1ef9 n\u0103ng \u307f\u3069\u308a\u201d, do JITCO so\u1ea1n th\u1ea3o, \u0111\u1ed3ng th\u1eddi trao \u0111\u1ed5i vi\u1ec7c th\u1ef1c t\u1eadp gi\u1ea3ng d\u1ea1y v\u1edbi nhau \u0111\u1ec3 c\u00f3 th\u1ec3 ti\u1ebfp x\u00fac th\u1ef1c t\u1ebf v\u1edbi vi\u1ec7c gi\u1ea3ng d\u1ea1y ti\u1ebfng Nh\u1eadt.<\/p>\n<h3><a href=\"http:\/\/www.jitco.or.jp\/nihongo\/07midashi.html\" target=\"_blank\" rel=\"noopener\">Cu\u1ed9c thi vi\u1ebft ti\u1ebfng Nh\u1eadt<\/a><\/h3>\n<p>\u0110\u00e2y l\u00e0 m\u1ed9t trong nh\u1eefng ho\u1ea1t \u0111\u1ed9ng h\u1ed7 tr\u1ee3 h\u1ecdc ti\u1ebfng Nh\u1eadt c\u1ee7a th\u1ef1c t\u1eadp sinh k\u1ef9 n\u0103ng, v\u00e0 m\u1ed7i n\u0103m c\u00f3 r\u1ea5t nhi\u1ec1u th\u00ed sinh tham gia. Ng\u01b0\u1eddi \u0111o\u1ea1t gi\u1ea3i s\u1ebd \u0111\u01b0\u1ee3c trao gi\u1ea3i t\u1ea1i \u201c\u0110\u1ea1i h\u1ed9i giao l\u01b0u JITCO\u201d, v\u00e0 nh\u1eadn ti\u1ec1n th\u01b0\u1edfng&#8230;<\/p>\n<h3><a href=\"https:\/\/www.jitco.or.jp\/ja\/service\/material\/\" target=\"_blank\" rel=\"noopener\">Bi\u00ean t\u1eadp, xu\u1ea5t b\u1ea3n gi\u00e1o tr\u00ecnh<\/a><\/h3>\n<p>Ngo\u00e0i vi\u1ec7c cung c\u1ea5p gi\u00e1o tr\u00ecnh t\u1ea1i trang web \u201cTh\u01b0 vi\u1ec7n gi\u00e1o tr\u00ecnh ti\u1ebfng Nh\u1eadt \u3072\u308d\u3070 c\u1ee7a JITCO\u201d , ch\u00fang t\u00f4i c\u0169ng bi\u00ean t\u1eadp v\u00e0 xu\u1ea5t b\u1ea3n c\u00e1c gi\u00e1o tr\u00ecnh d\u01b0\u1edbi d\u1ea1ng \u1ea5n ph\u1ea9m. Ngo\u00e0i gi\u00e1o tr\u00ecnh ti\u1ebfng Nh\u1eadt, ch\u00fang t\u00f4i c\u00f2n c\u00f3 s\u00e1ch gi\u00e1o khoa, t\u1eeb \u0111i\u1ec3n thu\u1ed9c c\u00e1c l\u0129nh v\u1ef1c chuy\u00ean ng\u00e0nh. Xin vui l\u00f2ng xem chi ti\u1ebft trong ph\u1ea7n \u201c<a href=\"https:\/\/www.jitco.or.jp\/text\/pdf\/text_info.pdf\" target=\"_blank\" rel=\"noopener\">Gi\u1edbi thi\u1ec7u gi\u00e1o tr\u00ecnh<\/a>\u201d.<\/p>\n<h3>T\u1edd gi\u1edbi thi\u1ec7u\uff1aT\u1ea3i v\u1ec1 (mi\u1ec5n ph\u00ed)<\/h3>\n<ul>\n<li><a href=\"http:\/\/www.jitco.or.jp\/download\/data\/nihongo_shido.pdf\" target=\"_blank\" rel=\"noopener\">\u8b1b\u7fd2\u306e\u65e5\u672c\u8a9e\u6307\u5c0e\u30ac\u30a4\u30c9 (Ti\u1ebfng Nh\u1eadt) A4x24, 3.5MB<\/a><\/li>\n<li><a href=\"http:\/\/www.jitco.or.jp\/download\/data\/nihong_hanashikata.pdf\" target=\"_blank\" rel=\"noopener\">\u300c\u308f\u304b\u308a\u3084\u3059\u3044\u65e5\u672c\u8a9e\u300d\u306e\u8a71\u3057\u65b9 (Ti\u1ebfng Nh\u1eadt) A4x16, 400KB<\/a><\/li>\n<\/ul>\n<\/div>\n","protected":false},"excerpt":{"rendered":"<p>C\u01a1 quan H\u1ee3p t\u00e1c Tu nghi\u1ec7p Qu\u1ed1c t\u1ebf Nh\u1eadt B\u1ea3n t\u1ed5 ch\u1ee9c r\u1ea5t nhi\u1ec1u ho\u1ea1t \u0111\u1ed9ng, d\u1ecbch v\u1ee5 \u0111\u1ec3 h\u1ed7 tr\u1ee3 vi\u1ec7c h\u1ecdc ti\u1ebfng Nh\u1eadt  [&hellip;]<\/p>\n","protected":false},"author":1,"featured_media":0,"parent":0,"menu_order":0,"comment_status":"open","ping_status":"open","template":"","meta":[],"_links":{"self":[{"href":"https:\/\/hiroba.jitco.or.jp\/info\/wp-json\/wp\/v2\/pages\/1481"}],"collection":[{"href":"https:\/\/hiroba.jitco.or.jp\/info\/wp-json\/wp\/v2\/pages"}],"about":[{"href":"https:\/\/hiroba.jitco.or.jp\/info\/wp-json\/wp\/v2\/types\/page"}],"author":[{"embeddable":true,"href":"https:\/\/hiroba.jitco.or.jp\/info\/wp-json\/wp\/v2\/users\/1"}],"replies":[{"embeddable":true,"href":"https:\/\/hiroba.jitco.or.jp\/info\/wp-json\/wp\/v2\/comments?post=1481"}],"version-history":[{"count":11,"href":"https:\/\/hiroba.jitco.or.jp\/info\/wp-json\/wp\/v2\/pages\/1481\/revisions"}],"predecessor-version":[{"id":4471,"href":"https:\/\/hiroba.jitco.or.jp\/info\/wp-json\/wp\/v2\/pages\/1481\/revisions\/4471"}],"wp:attachment":[{"href":"https:\/\/hiroba.jitco.or.jp\/info\/wp-json\/wp\/v2\/media?parent=1481"}],"curies":[{"name":"wp","href":"https:\/\/api.w.org\/{rel}","templated":true}]}}