{"id":1535,"date":"2011-02-02T12:47:31","date_gmt":"2011-02-02T03:47:31","guid":{"rendered":"\/info\/?page_id=1535"},"modified":"2018-09-06T19:02:32","modified_gmt":"2018-09-06T10:02:32","slug":"sitemap_vi","status":"publish","type":"page","link":"https:\/\/hiroba.jitco.or.jp\/info\/sitemap_vi\/","title":{"rendered":"S\u01a1 \u0111\u1ed3 trang"},"content":{"rendered":"<div id=\"sitemap\">\n<ul class=\"main-nenu\">\n<li><a href=\"\/\">Trang ch\u1ee7<\/a><\/li>\n<li><a href=\"\/categories\/\">T\u00ecm ki\u1ebfm gi\u00e1o tr\u00ecnh, t\u00e0i li\u1ec7u ti\u1ebfng Nh\u1eadt<\/a>\n<ul class=\"sub-menu\">\n<li><a href=\"\/categories\/index\/1\">Ti\u1ebfng Nh\u1eadt d\u00e0nh cho th\u1ef1c t\u1eadp sinh k\u1ef9 n\u0103ng\u3000\u307f\u3069\u308a<\/a><\/li>\n<li><a href=\"\/categories\/index\/2\">Ho\u1ea1t \u0111\u1ed9ng h\u1ecdc t\u1eadp<\/a><\/li>\n<li><a href=\"\/categories\/index\/3\">T\u00e0i li\u1ec7u<\/a><\/li>\n<\/ul>\n<\/li>\n<li><a href=\"\/info\/top_ja\/\">Th\u00f4ng tin h\u1eefu \u00edch v\u1ec1 h\u01b0\u1edbng d\u1eabn ti\u1ebfng Nh\u1eadt<\/a><\/li>\n<li><a href=\"\/info\/how_to_ja\/\">C\u00e1ch s\u1eed d\u1ee5ng trang n\u00e0y<\/a><\/li>\n<\/ul>\n<ul class=\"other\">\n<li><a href=\"\/info\/faq_vi\/\">C\u00e2u h\u1ecfi th\u01b0\u1eddng g\u1eb7p<\/a><\/li>\n<li><a href=\"\/info\/contact_vi\/\">Li\u00ean h\u1ec7<\/a><\/li>\n<li><a href=\"\/info\/terms_vi\/\">\u0110i\u1ec1u kho\u1ea3n th\u00e0nh vi\u00ean<\/a><\/li>\n<li><a href=\"\/info\/privacy_vi\/\">V\u1ec1 vi\u1ec7c s\u1eed d\u1ee5ng th\u00f4ng tin c\u00e1 nh\u00e2n<\/a><\/li>\n<li><a href=\"\/info\/copyright_vi\/\">B\u1ea3n quy\u1ec1n<\/a><\/li>\n<li><a href=\"\/info\/links_vi\/\">Li\u00ean k\u1ebft<\/a><\/li>\n<\/ul>\n<\/div>\n<p><!-- \/sitemap --><\/p>\n","protected":false},"excerpt":{"rendered":"<p>Trang ch\u1ee7 T\u00ecm ki\u1ebfm gi\u00e1o tr\u00ecnh, t\u00e0i li\u1ec7u ti\u1ebfng Nh\u1eadt Ti\u1ebfng Nh\u1eadt d\u00e0nh cho th\u1ef1c t\u1eadp sinh k\u1ef9 n\u0103ng\u3000\u307f\u3069\u308a Ho\u1ea1t \u0111\u1ed9ng h\u1ecdc [&hellip;]<\/p>\n","protected":false},"author":1,"featured_media":0,"parent":0,"menu_order":0,"comment_status":"open","ping_status":"open","template":"","meta":[],"_links":{"self":[{"href":"https:\/\/hiroba.jitco.or.jp\/info\/wp-json\/wp\/v2\/pages\/1535"}],"collection":[{"href":"https:\/\/hiroba.jitco.or.jp\/info\/wp-json\/wp\/v2\/pages"}],"about":[{"href":"https:\/\/hiroba.jitco.or.jp\/info\/wp-json\/wp\/v2\/types\/page"}],"author":[{"embeddable":true,"href":"https:\/\/hiroba.jitco.or.jp\/info\/wp-json\/wp\/v2\/users\/1"}],"replies":[{"embeddable":true,"href":"https:\/\/hiroba.jitco.or.jp\/info\/wp-json\/wp\/v2\/comments?post=1535"}],"version-history":[{"count":8,"href":"https:\/\/hiroba.jitco.or.jp\/info\/wp-json\/wp\/v2\/pages\/1535\/revisions"}],"predecessor-version":[{"id":4304,"href":"https:\/\/hiroba.jitco.or.jp\/info\/wp-json\/wp\/v2\/pages\/1535\/revisions\/4304"}],"wp:attachment":[{"href":"https:\/\/hiroba.jitco.or.jp\/info\/wp-json\/wp\/v2\/media?parent=1535"}],"curies":[{"name":"wp","href":"https:\/\/api.w.org\/{rel}","templated":true}]}}