{"id":1545,"date":"2011-02-04T16:42:44","date_gmt":"2011-02-04T07:42:44","guid":{"rendered":"\/info\/cau-h%e1%bb%8fi-th%c6%b0%e1%bb%9dng-g%e1%ba%b7p\/"},"modified":"2021-01-20T14:09:09","modified_gmt":"2021-01-20T05:09:09","slug":"faq_vi","status":"publish","type":"page","link":"https:\/\/hiroba.jitco.or.jp\/info\/faq_vi\/","title":{"rendered":"C\u00e2u h\u1ecfi th\u01b0\u1eddng g\u1eb7p"},"content":{"rendered":"<div id=\"faq\">\n<h3>V\u1ec1 \u0111\u0103ng k\u00fd v\u00e0 x\u00f3a \u0111\u0103ng k\u00fd th\u00e0nh vi\u00ean<\/h3>\n<div class=\"inner\">\n<p class=\"q\"><span class=\"mq\">Q<\/span>. T\u00f4i kh\u00f4ng ph\u1ea3i l\u00e0 gi\u00e1o vi\u00ean ti\u1ebfng Nh\u1eadt, v\u1eady c\u00f3 th\u1ec3 \u0111\u0103ng k\u00fd \u0111\u01b0\u1ee3c kh\u00f4ng?<\/p>\n<p class=\"answer-vi\"><a>Xem tr\u1ea3 l\u1eddi<\/a><\/p>\n<div class=\"a\">\n<p><span class=\"ma\">A<\/span>. V\u1eabn \u0111\u0103ng k\u00fd \u0111\u01b0\u1ee3c d\u00f9 b\u1ea1n kh\u00f4ng ph\u1ea3i ng\u01b0\u1eddi gi\u1ea3ng d\u1ea1y ti\u1ebfng Nh\u1eadt. Tuy nhi\u00ean, \u201cTh\u01b0 vi\u1ec7n gi\u00e1o tr\u00ecnh \u3072\u308d\u3070 \u201d l\u00e0 trang d\u00e0nh ri\u00eang cho nh\u1eefng ng\u01b0\u1eddi gi\u1ea3ng d\u1ea1y ti\u1ebfng Nh\u1eadt, do \u0111\u00f3 kh\u00f4ng ph\u1ee5c v\u1ee5 cho nh\u1eefng ng\u01b0\u1eddi b\u1eaft \u0111\u1ea7u mu\u1ed1n h\u1ecdc ti\u1ebfng Nh\u1eadt .<\/p>\n<\/div>\n<\/div>\n<div class=\"inner\">\n<p class=\"q\"><span class=\"mq\">Q<\/span>. C\u00f4ng ty t\u00f4i ch\u1ec9 c\u00f3 m\u1ed9t \u0111\u1ecba ch\u1ec9 e-mail , nh\u01b0ng c\u00f3 \u0111\u1ebfn 3 ng\u01b0\u1eddi ph\u1ee5 tr\u00e1ch gi\u1ea3ng d\u1ea1y ti\u1ebfng Nh\u1eadt.<\/p>\n<p class=\"answer-vi\"><a>Xem tr\u1ea3 l\u1eddi<\/a><\/p>\n<div class=\"a\">\n<p><span class=\"ma\">A<\/span>.\u00a0D\u00f9 \u0111\u1ecba ch\u1ec9 e-mail gi\u1ed1ng nhau nh\u01b0ng t\u00ean t\u00e0i kho\u1ea3n kh\u00e1c nhau th\u00ec v\u1eabn c\u00f3 th\u1ec3 \u0111\u0103ng k\u00fd \u0111\u01b0\u1ee3c nhi\u1ec1u th\u00e0nh vi\u00ean. C\u00e1c ch\u1ee9c n\u0103ng nh\u01b0 \u201cM\u1ee5c y\u00eau th\u00edch\u201d \u0111\u1ec3 l\u01b0u tr\u1eef nh\u1eefng gi\u00e1o tr\u00ecnh y\u00eau th\u00edch r\u1ea5t ti\u1ec7n l\u1ee3i khi s\u1eed d\u1ee5ng d\u00e0nh ri\u00eang cho t\u1eebng c\u00e1 nh\u00e2n, do \u0111\u00f3 c\u00e1c b\u1ea1n h\u00e3y vui l\u00f2ng \u0111\u0103ng k\u00fd th\u00e0nh vi\u00ean v\u1edbi t\u00e0i kho\u1ea3n ri\u00eang cho t\u1eebng ng\u01b0\u1eddi.<\/p>\n<\/div>\n<\/div>\n<div class=\"inner\">\n<p class=\"q\"><span class=\"mq\">Q<\/span>. T\u00f4i b\u1ecb qu\u00ean m\u1ea5t t\u00ean t\u00e0i kho\u1ea3n.<\/p>\n<p class=\"answer-vi\"><a>Xem tr\u1ea3 l\u1eddi<\/a><\/p>\n<div class=\"a\">\n<p><span class=\"ma\">A<\/span>. C\u00f3 th\u1ec3 \u0111\u0103ng k\u00fd th\u00e0nh vi\u00ean m\u1edbi v\u1edbi t\u00ean t\u00e0i kho\u1ea3n kh\u00e1c. Khi \u0111\u00f3 b\u1ea1n s\u1ebd kh\u00f4ng th\u1ec3 truy c\u1eadp v\u00e0o c\u00e1c trang \u201cM\u1ee5c y\u00eau th\u00edch\u201d \u0111\u00e3 \u0111\u0103ng k\u00fd v\u1edbi t\u00ean t\u00e0i kho\u1ea3n c\u0169, v\u00ec v\u1eady h\u00e3y ghi nh\u1edb c\u1ea9n th\u1eadn t\u00ean t\u00e0i kho\u1ea3n c\u1ee7a m\u00ecnh.<\/p>\n<\/div>\n<\/div>\n<div class=\"inner\">\n<p class=\"q\"><span class=\"mq\">Q<\/span>. T\u00f4i b\u1ecb qu\u00ean m\u1ea5t m\u1eadt kh\u1ea9u.<\/p>\n<p class=\"answer-vi\"><a>Xem tr\u1ea3 l\u1eddi<\/a><\/p>\n<div class=\"a\">\n<p><span class=\"ma\">A<\/span>. Vui l\u00f2ng nh\u1ea5p ch\u1ecdn m\u1ee5c \u201cQu\u00ean m\u1eadt kh\u1ea9u\u201d trong m\u00e0n h\u00ecnh \u0111\u0103ng nh\u1eadp v\u00e0 th\u1ef1c hi\u1ec7n theo h\u01b0\u1edbng d\u1eabn.<\/p>\n<\/div>\n<\/div>\n<div class=\"inner\">\n<p class=\"q\"><span class=\"mq\">Q<\/span>. C\u01a1 quan tr\u1ef1c thu\u1ed9c c\u1ee7a t\u00f4i \u0111\u00e3 thay \u0111\u1ed5i.<\/p>\n<p class=\"answer-vi\"><a>Xem tr\u1ea3 l\u1eddi<\/a><\/p>\n<div class=\"a\">\n<p><span class=\"ma\">A<\/span>. Sau khi \u0111\u0103ng nh\u1eadp, vui l\u00f2ng ch\u1ec9nh s\u1eeda th\u00f4ng tin t\u1ea1i trang \u201cCh\u1ec9nh s\u1eeda th\u00f4ng tin \u0111\u0103ng k\u00fd\u201d.<\/p>\n<\/div>\n<\/div>\n<div class=\"inner\">\n<p class=\"q\"><span class=\"mq\">Q<\/span>. T\u00f4i mu\u1ed1n x\u00f3a \u0111\u0103ng k\u00fd th\u00e0nh vi\u00ean, v\u1eady ph\u1ea3i l\u00e0m th\u1ebf n\u00e0o?<\/p>\n<p class=\"answer-vi\"><a>Xem tr\u1ea3 l\u1eddi<\/a><\/p>\n<div class=\"a\">\n<p><span class=\"ma\">A<\/span>. Vui l\u00f2ng li\u00ean l\u1ea1c \u0111\u1ebfn V\u0103n ph\u00f2ng \u201cGi\u00e1o tr\u00ecnh ti\u1ebfng Nh\u1eadt \u3072\u308d\u3070 c\u1ee7a JITCO\u201d th\u00f4ng qua m\u1ee5c <a href=\"\/info\/contact_vi\/\">Li\u00ean h\u1ec7\u201d<\/a><\/p>\n<\/div>\n<\/div>\n<h3>V\u1ec1 gi\u00e1o tr\u00ecnh v\u00e0 t\u00e0i li\u1ec7u<\/h3>\n<div class=\"inner\">\n<p class=\"q\"><span class=\"mq\">Q<\/span>. T\u00f4i kh\u00f4ng t\u1ea3i \u0111\u01b0\u1ee3c gi\u00e1o tr\u00ecnh<\/p>\n<p class=\"answer-vi\"><a>Xem tr\u1ea3 l\u1eddi<\/a><\/p>\n<div class=\"a\">\n<p><span class=\"ma\">A<\/span>. \u0110\u1ec3 xem \u0111\u01b0\u1ee3c c\u00e1c t\u1eadp tin PDF trong gi\u00e1o tr\u00ecnh \u201c\u307f\u3069\u308a\u201d, b\u1ea1n c\u1ea7n ph\u1ea3i c\u00f3 ph\u1ea7n m\u1ec1m Adobe Reader c\u1ee7a C\u00f4ng ty Adobe Systems (T\u1ea3i v\u1ec1 <a href=\"http:\/\/get.adobe.com\/jp\/reader\/\" target=\"_blank\" rel=\"noopener\">t\u1ea1i \u0111\u00e2y<\/a>).<\/p>\n<\/div>\n<\/div>\n<div class=\"inner\">\n<p class=\"q\"><span class=\"mq\">Q<\/span>. L\u00e0m th\u1ebf n\u00e0o \u0111\u1ec3 s\u1eed d\u1ee5ng d\u1eef li\u1ec7u \u00e2m thanh \u0111\u00e3 t\u1ea3i v\u1ec1 t\u1ea1i ph\u00f2ng h\u1ecdc?<\/p>\n<p class=\"answer-vi\"><a>Xem tr\u1ea3 l\u1eddi<\/a><\/p>\n<div class=\"a\">\n<p><span class=\"ma\">A<\/span>. \u0110\u1ec3 nghe \u0111\u01b0\u1ee3c \u00e2m thanh t\u1ea1i ph\u00f2ng h\u1ecdc, c\u1ea7n ph\u1ea3i k\u1ebft n\u1ed1i v\u1edbi c\u00e1c thi\u1ebft b\u1ecb nh\u01b0 loa\u2026 Vui l\u00f2ng xem <a href=\"\/info\/category\/how_to_ja\/how_to_02_ja\/\">t\u1ea1i \u0111\u00e2y<\/a>.<\/p>\n<\/div>\n<\/div>\n<div class=\"inner\"><\/div>\n<div class=\"inner\">\n<p class=\"q\"><span class=\"mq\">Q<\/span>. T\u00f4i kh\u00f4ng hi\u1ec3u \u0111\u01b0\u1ee3c c\u00e1ch gi\u1ea3ng d\u1ea1y d\u00f9 c\u00f3 gi\u00e1o tr\u00ecnh.<\/p>\n<p class=\"answer-vi\"><a>Xem tr\u1ea3 l\u1eddi<\/a><\/p>\n<div class=\"a\">\n<p><span class=\"ma\">A<\/span>. JITCO c\u00f3 t\u1ed5 th\u1ee9c c\u00e1c bu\u1ed5i \u201cH\u1ed9i th\u1ea3o gi\u1ea3ng d\u1ea1y ti\u1ebfng Nh\u1eadt\u201d t\u1ea1i c\u00e1c \u0111\u1ecba ph\u01b0\u01a1ng tr\u00ean to\u00e0n qu\u1ed1c\u0111\u1ec3 gi\u1edbi thi\u1ec7u v\u1ec1 ph\u01b0\u01a1ng ph\u00e1p gi\u1ea3ng d\u1ea1y s\u1eed d\u1ee5ng \u201cTh\u01b0 vi\u1ec7n gi\u00e1o tr\u00ecnh\u3072\u308d\u3070\u201d. B\u1ea1n c\u00f3 th\u1ec3 tham gia c\u00e1c bu\u1ed5i h\u1ed9i th\u1ea3o n\u00e0y.<\/p>\n<\/div>\n<\/div>\n<p class=\"co\">V\u1ec1 c\u00e1c th\u1eafc m\u1eafc kh\u00e1c, <a href=\"\/info\/contact_vi\/\">vui l\u00f2ng li\u00ean h\u1ec7 t\u1ea1i \u0111\u00e2y<\/a>.<\/p>\n<\/div>\n","protected":false},"excerpt":{"rendered":"<p>V\u1ec1 \u0111\u0103ng k\u00fd v\u00e0 x\u00f3a \u0111\u0103ng k\u00fd th\u00e0nh vi\u00ean Q. T\u00f4i kh\u00f4ng ph\u1ea3i l\u00e0 gi\u00e1o vi\u00ean ti\u1ebfng Nh\u1eadt, v\u1eady c\u00f3 th\u1ec3 \u0111\u0103ng k\u00fd \u0111\u01b0\u1ee3c kh\u00f4ng? [&hellip;]<\/p>\n","protected":false},"author":1,"featured_media":0,"parent":0,"menu_order":0,"comment_status":"open","ping_status":"open","template":"","meta":[],"_links":{"self":[{"href":"https:\/\/hiroba.jitco.or.jp\/info\/wp-json\/wp\/v2\/pages\/1545"}],"collection":[{"href":"https:\/\/hiroba.jitco.or.jp\/info\/wp-json\/wp\/v2\/pages"}],"about":[{"href":"https:\/\/hiroba.jitco.or.jp\/info\/wp-json\/wp\/v2\/types\/page"}],"author":[{"embeddable":true,"href":"https:\/\/hiroba.jitco.or.jp\/info\/wp-json\/wp\/v2\/users\/1"}],"replies":[{"embeddable":true,"href":"https:\/\/hiroba.jitco.or.jp\/info\/wp-json\/wp\/v2\/comments?post=1545"}],"version-history":[{"count":7,"href":"https:\/\/hiroba.jitco.or.jp\/info\/wp-json\/wp\/v2\/pages\/1545\/revisions"}],"predecessor-version":[{"id":4463,"href":"https:\/\/hiroba.jitco.or.jp\/info\/wp-json\/wp\/v2\/pages\/1545\/revisions\/4463"}],"wp:attachment":[{"href":"https:\/\/hiroba.jitco.or.jp\/info\/wp-json\/wp\/v2\/media?parent=1545"}],"curies":[{"name":"wp","href":"https:\/\/api.w.org\/{rel}","templated":true}]}}