{"id":1803,"date":"2011-10-03T17:11:10","date_gmt":"2011-10-03T08:11:10","guid":{"rendered":"\/info\/?page_id=1803"},"modified":"2017-04-03T16:49:42","modified_gmt":"2017-04-03T07:49:42","slug":"sample_vi","status":"publish","type":"page","link":"https:\/\/hiroba.jitco.or.jp\/info\/sample_vi\/","title":{"rendered":"Trang m\u1eabu v\u1ec1 gi\u00e1o tr\u00ecnh"},"content":{"rendered":"<div id=\"sample\">\n<p>C\u00f3 th\u1ec3 xem qua c\u00e1c gi\u00e1o tr\u00ecnh m\u1eabu tr\u01b0\u1edbc khi \u0111\u0103ng k\u00fd th\u00e0nh vi\u00ean.<\/p>\n<h3>Ti\u1ebfng Nh\u1eadt d\u00e0nh cho th\u1ef1c t\u1eadp sinh k\u1ef9 n\u0103ng \u307f\u3069\u308a<\/h3>\n<ul>\n<li><a href=\"\/images\/sample\/aboutmidori-jp.pdf\" target=\"_blank\">V\u1ec1 \u307f\u3069\u308a(Ti\u1ebfng Nh\u1eadt)<\/a><img decoding=\"async\" loading=\"lazy\" class=\"pdf\" src=\"\/images\/m_pdf.gif\" alt=\"\" width=\"15\" height=\"16\" \/>\uff08pdf\/284KB\/A4x4\uff09<\/li>\n<li><a href=\"\/images\/sample\/aboutmidori-zh.pdf\" target=\"_blank\">V\u1ec1 \u307f\u3069\u308a(Ti\u1ebfng Trung Qu\u1ed1c)<\/a><img decoding=\"async\" loading=\"lazy\" class=\"pdf\" src=\"\/images\/m_pdf.gif\" alt=\"\" width=\"15\" height=\"16\" \/>\uff08pdf\/259KB\/A4x4\uff09<\/li>\n<li><a href=\"\/images\/sample\/aboutmidori-en.pdf\" target=\"_blank\">V\u1ec1 \u307f\u3069\u308a(Ti\u1ebfng Anh)<\/a><img decoding=\"async\" loading=\"lazy\" class=\"pdf\" src=\"\/images\/m_pdf.gif\" alt=\"\" width=\"15\" height=\"16\" \/>\uff08pdf\/275KB\/A4x4\uff09<\/li>\n<li><a href=\"\/images\/sample\/aboutmidori-vn.pdf\" target=\"_blank\">V\u1ec1 \u307f\u3069\u308a(Ti\u1ebfng Vi\u1ec7t)<\/a><img decoding=\"async\" loading=\"lazy\" class=\"pdf\" src=\"\/images\/m_pdf.gif\" alt=\"\" width=\"15\" height=\"16\" \/>(pdf\/325KB\/A4x4\uff09<\/li>\n<li><a href=\"\/images\/sample\/aboutmidori-1-16.pdf\" target=\"_blank\">n\u1ed9i dung h\u1ecdc t\u1eadp t\u1eeb b\u00e0i 1 \u0111\u1ebfn b\u00e0i 16<\/a><img decoding=\"async\" loading=\"lazy\" class=\"pdf\" src=\"\/images\/m_pdf.gif\" alt=\"\" width=\"15\" height=\"16\" \/>\uff08pdf\/60KB\/A4x4\uff09<\/li>\n<li><a href=\"..\/..\/images\/sample\/aboutmidori-17-32.pdf\" target=\"_blank\">n\u1ed9i dung h\u1ecdc t\u1eadp t\u1eeb b\u00e0i 17 \u0111\u1ebfn b\u00e0i 32<\/a><img decoding=\"async\" loading=\"lazy\" src=\"..\/..\/images\/m_pdf.gif\" alt=\"\" width=\"15\" height=\"16\" \/>\uff08pdf\/62KB\/A4x4\uff09<\/li>\n<\/ul>\n<h4>[m\u1eabu] \uff11\uff11\uff0d\uff11\u3000N\u00f3i v\u1ec1 t\u00ecnh tr\u1ea1ng c\u1ee7a c\u01a1 th\u1ec3<\/h4>\n<ul>\n<li><a href=\"\/images\/sample\/midori-11-1.pdf\" target=\"_blank\">[D\u00e0nh cho h\u1ecdc vi\u00ean]<\/a><img decoding=\"async\" loading=\"lazy\" class=\"pdf\" src=\"\/images\/m_pdf.gif\" alt=\"\" width=\"15\" height=\"16\" \/>\uff08pdf\/138KB\/A4x2\uff09<\/li>\n<li><a href=\"\/images\/sample\/mt-11-1.pdf\" target=\"_blank\">[D\u00e0nh cho ng\u01b0\u1eddi h\u01b0\u1edbng d\u1eabn]<\/a><img decoding=\"async\" loading=\"lazy\" class=\"pdf\" src=\"\/images\/m_pdf.gif\" alt=\"\" width=\"15\" height=\"16\" \/>\uff08pdf\/141KB\/A4x2\uff09<\/li>\n<li><a href=\"\/images\/sample\/m-11-1-B.mp3\" target=\"_blank\">[Ph\u00e1t \u00e2m] B<\/a>\uff08mp3\/417KB\uff09<\/li>\n<li><a href=\"\/images\/sample\/ms-11-1.pdf\" target=\"_blank\">[B\u1ea3n th\u1ea3o]<\/a><img decoding=\"async\" loading=\"lazy\" class=\"pdf\" src=\"\/images\/m_pdf.gif\" alt=\"\" width=\"15\" height=\"16\" \/>\uff08pdf\/65KB\/A4x2\uff09<\/li>\n<\/ul>\n<h3>T\u00e0i li\u1ec7u<\/h3>\n<ul>\n<li><a href=\"\/images\/sample\/i-oku.jpg\" target=\"_blank\">[Minh h\u1ecda] \u304a\u304f\uff08\u306f\u3053\u3092\uff09<\/a>\uff08jpeg\/95KB\uff09<\/li>\n<li><a href=\"\/images\/sample\/i-katai.jpg\" target=\"_blank\">[Minh h\u1ecda] \u304b\u305f\u3044\/\u3084\u308f\u3089\u304b\u3044<\/a>\uff08jpeg\/87KB\uff09<\/li>\n<\/ul>\n<\/div>\n","protected":false},"excerpt":{"rendered":"<p>C\u00f3 th\u1ec3 xem qua c\u00e1c gi\u00e1o tr\u00ecnh m\u1eabu tr\u01b0\u1edbc khi \u0111\u0103ng k\u00fd th\u00e0nh vi\u00ean. Ti\u1ebfng Nh\u1eadt d\u00e0nh cho th\u1ef1c t\u1eadp sinh k\u1ef9 n\u0103ng \u307f\u3069\u308a  [&hellip;]<\/p>\n","protected":false},"author":1,"featured_media":0,"parent":0,"menu_order":0,"comment_status":"open","ping_status":"open","template":"","meta":[],"_links":{"self":[{"href":"https:\/\/hiroba.jitco.or.jp\/info\/wp-json\/wp\/v2\/pages\/1803"}],"collection":[{"href":"https:\/\/hiroba.jitco.or.jp\/info\/wp-json\/wp\/v2\/pages"}],"about":[{"href":"https:\/\/hiroba.jitco.or.jp\/info\/wp-json\/wp\/v2\/types\/page"}],"author":[{"embeddable":true,"href":"https:\/\/hiroba.jitco.or.jp\/info\/wp-json\/wp\/v2\/users\/1"}],"replies":[{"embeddable":true,"href":"https:\/\/hiroba.jitco.or.jp\/info\/wp-json\/wp\/v2\/comments?post=1803"}],"version-history":[{"count":9,"href":"https:\/\/hiroba.jitco.or.jp\/info\/wp-json\/wp\/v2\/pages\/1803\/revisions"}],"predecessor-version":[{"id":4182,"href":"https:\/\/hiroba.jitco.or.jp\/info\/wp-json\/wp\/v2\/pages\/1803\/revisions\/4182"}],"wp:attachment":[{"href":"https:\/\/hiroba.jitco.or.jp\/info\/wp-json\/wp\/v2\/media?parent=1803"}],"curies":[{"name":"wp","href":"https:\/\/api.w.org\/{rel}","templated":true}]}}